{"id":77,"date":"2025-06-01T19:55:24","date_gmt":"2025-06-01T19:55:24","guid":{"rendered":"https:\/\/www.manareality.cz\/?page_id=77"},"modified":"2025-07-08T20:12:53","modified_gmt":"2025-07-08T20:12:53","slug":"pravni-sluzby","status":"publish","type":"page","link":"https:\/\/www.manareality.cz\/index.php\/pravni-sluzby\/","title":{"rendered":"pr\u00e1vn\u00ed slu\u017eby"},"content":{"rendered":"\n\n\t<section class=\"section\" id=\"section_117746195\">\n\t\t<div class=\"section-bg fill\" >\n\t\t\t\t\t\t\t\t\t\n\t\t\t\n\n\t\t<\/div>\n\n\t\t\n\n\t\t<div class=\"section-content relative\">\n\t\t\t\n\n<div class=\"row\"  id=\"row-738571500\">\n\n\n\t<div id=\"col-1821032384\" class=\"col medium-1 small-12 large-1\"  >\n\t\t\t\t<div class=\"col-inner\"  >\n\t\t\t\n\t\t\t\n\n\n\t\t<\/div>\n\t\t\t\t\t<\/div>\n\n\t\n\n\t<div id=\"col-2109660459\" class=\"col medium-5 small-12 large-5\"  >\n\t\t\t\t<div class=\"col-inner\"  >\n\t\t\t\n\t\t\t\n\n<h2 class=\"uppercase\">Pr\u00e1vn\u00ed slu\u017eby<\/h2>\n\n\t\t<\/div>\n\t\t\t\t\t<\/div>\n\n\t\n\n\t<div id=\"col-1668265767\" class=\"col medium-6 small-12 large-6\"  >\n\t\t\t\t<div class=\"col-inner\"  >\n\t\t\t\n\t\t\t\n\n\t<div class=\"img has-hover x md-x lg-x y md-y lg-y\" id=\"image_268040802\">\n\t\t\t\t\t\t\t\t<div class=\"img-inner dark\" >\n\t\t\t<img loading=\"lazy\" decoding=\"async\" width=\"1020\" height=\"679\" src=\"https:\/\/www.manareality.cz\/wp-content\/uploads\/2025\/06\/vpn-4056382_1280-1024x682.jpg\" class=\"attachment-large size-large\" alt=\"\" srcset=\"https:\/\/www.manareality.cz\/wp-content\/uploads\/2025\/06\/vpn-4056382_1280-1024x682.jpg 1024w, https:\/\/www.manareality.cz\/wp-content\/uploads\/2025\/06\/vpn-4056382_1280-300x200.jpg 300w, https:\/\/www.manareality.cz\/wp-content\/uploads\/2025\/06\/vpn-4056382_1280-768x512.jpg 768w, https:\/\/www.manareality.cz\/wp-content\/uploads\/2025\/06\/vpn-4056382_1280.jpg 1280w\" sizes=\"auto, (max-width: 1020px) 100vw, 1020px\" \/>\t\t\t\t\t\t\n\t\t\t\t\t<\/div>\n\t\t\t\t\t\t\t\t\n<style>\n#image_268040802 {\n  width: 100%;\n}\n<\/style>\n\t<\/div>\n\t\n\n\n\t\t<\/div>\n\t\t\t\t\t<\/div>\n\n\t\n\n<\/div>\n<div class=\"row\"  id=\"row-1182566077\">\n\n\n\t<div id=\"col-358186369\" class=\"col medium-1 small-12 large-1\"  >\n\t\t\t\t<div class=\"col-inner\"  >\n\t\t\t\n\t\t\t\n\n\n\t\t<\/div>\n\t\t\t\t\t<\/div>\n\n\t\n\n\t<div id=\"col-799535651\" class=\"col medium-10 small-12 large-10\"  >\n\t\t\t\t<div class=\"col-inner\"  >\n\t\t\t\n\t\t\t\n\n<p data-start=\"237\" data-end=\"548\">Realitn\u00ed transakce pat\u0159\u00ed mezi v\u00fdznamn\u00e9 \u017eivotn\u00ed i finan\u010dn\u00ed rozhodnut\u00ed, a proto je d\u016fle\u017eit\u00e9 m\u00edt po ruce pr\u00e1vn\u00ed zaji\u0161t\u011bn\u00ed, kter\u00e9 v\u00e1m dod\u00e1 jistotu a klid. V r\u00e1mci spolupr\u00e1ce s odborn\u00edky na realitn\u00ed pr\u00e1vo zaji\u0161\u0165ujeme klient\u016fm kompletn\u00ed pr\u00e1vn\u00ed servis, kter\u00fd pokr\u00fdv\u00e1 v\u0161echny f\u00e1ze prodeje, koup\u011b i pron\u00e1jmu nemovitost\u00ed.<\/p>\n<p data-start=\"550\" data-end=\"847\">Zaji\u0161t\u011bn\u00ed spr\u00e1vn\u011b vypracovan\u00e9 smluvn\u00ed dokumentace je kl\u00ed\u010dov\u00e9 \u2013 a\u0165 u\u017e jde o rezerva\u010dn\u00ed smlouvu, smlouvu o smlouv\u011b budouc\u00ed, kupn\u00ed smlouvu, darovac\u00ed smlouvu nebo n\u00e1jemn\u00ed smlouvu. Spolupracuj\u00edc\u00ed pr\u00e1vn\u00edci dbaj\u00ed na to, aby smlouvy byly vyv\u00e1\u017een\u00e9, chr\u00e1nily z\u00e1jmy klienta a odpov\u00eddaly aktu\u00e1ln\u00ed legislativ\u011b.<\/p>\n<p data-start=\"849\" data-end=\"1138\">Sou\u010d\u00e1st\u00ed pr\u00e1vn\u00edch slu\u017eeb m\u016f\u017ee b\u00fdt tak\u00e9 advok\u00e1tn\u00ed \u00faschova finan\u010dn\u00edch prost\u0159edk\u016f, kter\u00e1 zaji\u0161\u0165uje bezpe\u010dnost cel\u00e9 transakce. Pen\u00edze jsou slo\u017eeny do \u00faschovy a uvoln\u011bny teprve ve chv\u00edli, kdy jsou spln\u011bny p\u0159edem stanoven\u00e9 podm\u00ednky \u2013 typicky po p\u0159episu vlastnick\u00e9ho pr\u00e1va v katastru nemovitost\u00ed.<\/p>\n<p data-start=\"1140\" data-end=\"1401\">Ned\u00edlnou sou\u010d\u00e1st\u00ed pr\u00e1vn\u00edho servisu je i komunikace s katastrem nemovitost\u00ed, p\u0159\u00edprava podklad\u016f pro vklad vlastnick\u00e9ho pr\u00e1va, \u0159e\u0161en\u00ed v\u011bcn\u00fdch b\u0159emen, p\u0159edkupn\u00edho pr\u00e1va, p\u0159\u00edpadn\u011b i pr\u00e1vn\u00edch aspekt\u016f spojen\u00fdch s p\u0159evodem dru\u017estevn\u00edch byt\u016f nebo majetkov\u00fdm vypo\u0159\u00e1d\u00e1n\u00edm.<\/p>\n<p data-start=\"1403\" data-end=\"1740\">Spolupracujeme s ov\u011b\u0159en\u00fdmi pr\u00e1vn\u00edky, kte\u0159\u00ed se specializuj\u00ed na oblast realitn\u00edho pr\u00e1va a maj\u00ed bohat\u00e9 zku\u0161enosti s nejr\u016fzn\u011bj\u0161\u00edmi typy transakc\u00ed. D\u00edky tomu dok\u00e1\u017eeme na\u0161im klient\u016fm nab\u00eddnout pr\u00e1vn\u00ed slu\u017eby, na kter\u00e9 se mohou stoprocentn\u011b spolehnout \u2013 a\u0165 u\u017e jde o jednoduch\u00fd prodej bytu nebo slo\u017eit\u011bj\u0161\u00ed p\u0159evod nemovitosti s pr\u00e1vn\u00edmi specifiky.<\/p>\n<p data-start=\"1742\" data-end=\"1851\">C\u00edlem je v\u017edy bezpe\u010dn\u00fd, hladk\u00fd a bezprobl\u00e9mov\u00fd pr\u016fb\u011bh cel\u00e9 transakce, s d\u016frazem na ochranu klientsk\u00fdch z\u00e1jm\u016f.<\/p>\n\n\t\t<\/div>\n\t\t\t\t\t<\/div>\n\n\t\n\n\t<div id=\"col-1486169002\" class=\"col medium-1 small-12 large-1\"  >\n\t\t\t\t<div class=\"col-inner\"  >\n\t\t\t\n\t\t\t\n\n\n\t\t<\/div>\n\t\t\t\t\t<\/div>\n\n\t\n\n<\/div>\n\n\t\t<\/div>\n\n\t\t\n<style>\n#section_117746195 {\n  padding-top: 30px;\n  padding-bottom: 30px;\n}\n<\/style>\n\t<\/section>\n\t\n\n","protected":false},"excerpt":{"rendered":"","protected":false},"author":1,"featured_media":0,"parent":0,"menu_order":0,"comment_status":"closed","ping_status":"closed","template":"","meta":{"footnotes":""},"class_list":["post-77","page","type-page","status-publish","hentry"],"_links":{"self":[{"href":"https:\/\/www.manareality.cz\/index.php\/wp-json\/wp\/v2\/pages\/77","targetHints":{"allow":["GET"]}}],"collection":[{"href":"https:\/\/www.manareality.cz\/index.php\/wp-json\/wp\/v2\/pages"}],"about":[{"href":"https:\/\/www.manareality.cz\/index.php\/wp-json\/wp\/v2\/types\/page"}],"author":[{"embeddable":true,"href":"https:\/\/www.manareality.cz\/index.php\/wp-json\/wp\/v2\/users\/1"}],"replies":[{"embeddable":true,"href":"https:\/\/www.manareality.cz\/index.php\/wp-json\/wp\/v2\/comments?post=77"}],"version-history":[{"count":4,"href":"https:\/\/www.manareality.cz\/index.php\/wp-json\/wp\/v2\/pages\/77\/revisions"}],"predecessor-version":[{"id":82,"href":"https:\/\/www.manareality.cz\/index.php\/wp-json\/wp\/v2\/pages\/77\/revisions\/82"}],"wp:attachment":[{"href":"https:\/\/www.manareality.cz\/index.php\/wp-json\/wp\/v2\/media?parent=77"}],"curies":[{"name":"wp","href":"https:\/\/api.w.org\/{rel}","templated":true}]}}