{"id":73,"date":"2025-06-01T19:52:56","date_gmt":"2025-06-01T19:52:56","guid":{"rendered":"https:\/\/www.manareality.cz\/?page_id=73"},"modified":"2025-07-08T20:12:53","modified_gmt":"2025-07-08T20:12:53","slug":"pronajem","status":"publish","type":"page","link":"https:\/\/www.manareality.cz\/index.php\/pronajem\/","title":{"rendered":"pron\u00e1jem"},"content":{"rendered":"\n\n\t<section class=\"section\" id=\"section_650201150\">\n\t\t<div class=\"section-bg fill\" >\n\t\t\t\t\t\t\t\t\t\n\t\t\t\n\n\t\t<\/div>\n\n\t\t\n\n\t\t<div class=\"section-content relative\">\n\t\t\t\n\n<div class=\"row\"  id=\"row-1905252568\">\n\n\n\t<div id=\"col-1468416994\" class=\"col medium-1 small-12 large-1\"  >\n\t\t\t\t<div class=\"col-inner\"  >\n\t\t\t\n\t\t\t\n\n\n\t\t<\/div>\n\t\t\t\t\t<\/div>\n\n\t\n\n\t<div id=\"col-1083096021\" class=\"col medium-5 small-12 large-5\"  >\n\t\t\t\t<div class=\"col-inner\"  >\n\t\t\t\n\t\t\t\n\n<h2 class=\"uppercase\">pron\u00e1jem nemovitost\u00ed<\/h2>\n\n\t\t<\/div>\n\t\t\t\t\t<\/div>\n\n\t\n\n\t<div id=\"col-1736885571\" class=\"col medium-6 small-12 large-6\"  >\n\t\t\t\t<div class=\"col-inner\"  >\n\t\t\t\n\t\t\t\n\n\t<div class=\"img has-hover x md-x lg-x y md-y lg-y\" id=\"image_1842171006\">\n\t\t\t\t\t\t\t\t<div class=\"img-inner dark\" >\n\t\t\t<img loading=\"lazy\" decoding=\"async\" width=\"1020\" height=\"679\" src=\"https:\/\/www.manareality.cz\/wp-content\/uploads\/2025\/06\/matthew-henry-VviFtDJakYk-unsplash-1-1024x682.jpg\" class=\"attachment-large size-large\" alt=\"\" srcset=\"https:\/\/www.manareality.cz\/wp-content\/uploads\/2025\/06\/matthew-henry-VviFtDJakYk-unsplash-1-1024x682.jpg 1024w, https:\/\/www.manareality.cz\/wp-content\/uploads\/2025\/06\/matthew-henry-VviFtDJakYk-unsplash-1-300x200.jpg 300w, https:\/\/www.manareality.cz\/wp-content\/uploads\/2025\/06\/matthew-henry-VviFtDJakYk-unsplash-1-768x512.jpg 768w, https:\/\/www.manareality.cz\/wp-content\/uploads\/2025\/06\/matthew-henry-VviFtDJakYk-unsplash-1.jpg 1400w\" sizes=\"auto, (max-width: 1020px) 100vw, 1020px\" \/>\t\t\t\t\t\t\n\t\t\t\t\t<\/div>\n\t\t\t\t\t\t\t\t\n<style>\n#image_1842171006 {\n  width: 100%;\n}\n<\/style>\n\t<\/div>\n\t\n\n\n\t\t<\/div>\n\t\t\t\t\t<\/div>\n\n\t\n\n<\/div>\n<div class=\"row\"  id=\"row-1406108727\">\n\n\n\t<div id=\"col-44117999\" class=\"col medium-1 small-12 large-1\"  >\n\t\t\t\t<div class=\"col-inner\"  >\n\t\t\t\n\t\t\t\n\n\n\t\t<\/div>\n\t\t\t\t\t<\/div>\n\n\t\n\n\t<div id=\"col-1773633838\" class=\"col medium-10 small-12 large-10\"  >\n\t\t\t\t<div class=\"col-inner\"  >\n\t\t\t\n\t\t\t\n\n<h3 data-start=\"127\" data-end=\"151\">Pron\u00e1jem nemovitosti<\/h3>\n<p data-start=\"153\" data-end=\"476\">Pron\u00e1jem nemovitosti m\u016f\u017ee na prvn\u00ed pohled p\u016fsobit jako jednodu\u0161\u0161\u00ed varianta oproti prodeji, ale i tento proces s sebou nese \u0159adu specifik a n\u00e1strah. \u00dasp\u011b\u0161n\u00fd pron\u00e1jem nen\u00ed jen o rychl\u00e9m nalezen\u00ed n\u00e1jemn\u00edka \u2013 je p\u0159edev\u0161\u00edm o tom, naj\u00edt toho spr\u00e1vn\u00e9ho, p\u0159edej\u00edt probl\u00e9m\u016fm a zajistit stabiln\u00ed a bezpe\u010dn\u00fd p\u0159\u00edjem z va\u0161\u00ed nemovitosti.<\/p>\n<p data-start=\"478\" data-end=\"861\">Aby byla nemovitost dob\u0159e pronajata, je z\u00e1sadn\u00ed jej\u00ed profesion\u00e1ln\u00ed prezentace \u2013 kvalitn\u00ed fotografie, p\u0159\u00edpadn\u011b i video nebo virtu\u00e1ln\u00ed prohl\u00eddka mohou z\u00e1sadn\u011b zv\u00fd\u0161it z\u00e1jem. D\u00e1le je d\u016fle\u017eit\u00e9 spr\u00e1vn\u011b nastavit v\u00fd\u0161i n\u00e1jemn\u00e9ho s ohledem na lokalitu, typ nemovitosti a aktu\u00e1ln\u00ed situaci na trhu. P\u0159\u00edli\u0161 vysok\u00e1 cena m\u016f\u017ee znamenat dlouh\u00e9 hled\u00e1n\u00ed n\u00e1jemn\u00edka, p\u0159\u00edli\u0161 n\u00edzk\u00e1 naopak zbyte\u010dnou ztr\u00e1tu.<\/p>\n<p data-start=\"863\" data-end=\"1186\">Zaji\u0161\u0165ujeme cel\u00fd proces pron\u00e1jmu od za\u010d\u00e1tku a\u017e do konce \u2013 od p\u0159\u00edpravy a prezentace nemovitosti, p\u0159es organizaci prohl\u00eddek a\u017e po prov\u011b\u0159en\u00ed z\u00e1jemc\u016f a p\u0159\u00edpravu n\u00e1jemn\u00ed smlouvy. Vyu\u017e\u00edv\u00e1me modern\u00ed marketingov\u00e9 n\u00e1stroje, oslovujeme relevantn\u00ed c\u00edlovou skupinu a klademe d\u016fraz na prevenci probl\u00e9m\u016f d\u00edky d\u016fsledn\u00e9mu v\u00fdb\u011bru n\u00e1jemn\u00edk\u016f.<\/p>\n<p data-start=\"1188\" data-end=\"1472\">Sou\u010d\u00e1st\u00ed slu\u017eby m\u016f\u017ee b\u00fdt i zaji\u0161t\u011bn\u00ed n\u00e1sledn\u00e9 spr\u00e1vy nemovitosti \u2013 tedy kontakt s n\u00e1jemn\u00edky, \u0159e\u0161en\u00ed provozn\u00edch z\u00e1le\u017eitost\u00ed nebo pravideln\u00e1 kontrola plateb. D\u00edky tomu maj\u00ed majitel\u00e9 nemovitost\u00ed jistotu, \u017ee je o jejich majetek profesion\u00e1ln\u011b postar\u00e1no, a z\u00e1rove\u0148 \u0161et\u0159\u00ed sv\u016fj \u010das i energii.<\/p>\n<p data-start=\"1474\" data-end=\"1669\">V dne\u0161n\u00edm dynamick\u00e9m trhu s n\u00e1jmy plat\u00ed, \u017ee profesion\u00e1ln\u00ed p\u0159\u00edstup se vypl\u00e1c\u00ed. A\u0165 u\u017e pronaj\u00edm\u00e1te byt, d\u016fm, kancel\u00e1\u0159 nebo jin\u00fd typ prostoru, r\u00e1di v\u00e1m pom\u016f\u017eeme zajistit hladk\u00fd pr\u016fb\u011bh cel\u00e9ho procesu.<\/p>\n\n\t\t<\/div>\n\t\t\t\t\t<\/div>\n\n\t\n\n\t<div id=\"col-1942207366\" class=\"col medium-1 small-12 large-1\"  >\n\t\t\t\t<div class=\"col-inner\"  >\n\t\t\t\n\t\t\t\n\n\n\t\t<\/div>\n\t\t\t\t\t<\/div>\n\n\t\n\n<\/div>\n\n\t\t<\/div>\n\n\t\t\n<style>\n#section_650201150 {\n  padding-top: 30px;\n  padding-bottom: 30px;\n}\n<\/style>\n\t<\/section>\n\t\n\n","protected":false},"excerpt":{"rendered":"","protected":false},"author":1,"featured_media":0,"parent":0,"menu_order":0,"comment_status":"closed","ping_status":"closed","template":"","meta":{"footnotes":""},"class_list":["post-73","page","type-page","status-publish","hentry"],"_links":{"self":[{"href":"https:\/\/www.manareality.cz\/index.php\/wp-json\/wp\/v2\/pages\/73","targetHints":{"allow":["GET"]}}],"collection":[{"href":"https:\/\/www.manareality.cz\/index.php\/wp-json\/wp\/v2\/pages"}],"about":[{"href":"https:\/\/www.manareality.cz\/index.php\/wp-json\/wp\/v2\/types\/page"}],"author":[{"embeddable":true,"href":"https:\/\/www.manareality.cz\/index.php\/wp-json\/wp\/v2\/users\/1"}],"replies":[{"embeddable":true,"href":"https:\/\/www.manareality.cz\/index.php\/wp-json\/wp\/v2\/comments?post=73"}],"version-history":[{"count":2,"href":"https:\/\/www.manareality.cz\/index.php\/wp-json\/wp\/v2\/pages\/73\/revisions"}],"predecessor-version":[{"id":75,"href":"https:\/\/www.manareality.cz\/index.php\/wp-json\/wp\/v2\/pages\/73\/revisions\/75"}],"wp:attachment":[{"href":"https:\/\/www.manareality.cz\/index.php\/wp-json\/wp\/v2\/media?parent=73"}],"curies":[{"name":"wp","href":"https:\/\/api.w.org\/{rel}","templated":true}]}}