{"id":60,"date":"2025-06-01T19:46:07","date_gmt":"2025-06-01T19:46:07","guid":{"rendered":"https:\/\/www.manareality.cz\/?page_id=60"},"modified":"2025-07-08T20:12:53","modified_gmt":"2025-07-08T20:12:53","slug":"web","status":"publish","type":"page","link":"https:\/\/www.manareality.cz\/index.php\/web\/","title":{"rendered":"web"},"content":{"rendered":"\n\n\t<section class=\"section\" id=\"section_48908789\">\n\t\t<div class=\"section-bg fill\" >\n\t\t\t\t\t\t\t\t\t\n\t\t\t\n\n\t\t<\/div>\n\n\t\t\n\n\t\t<div class=\"section-content relative\">\n\t\t\t\n\n<div class=\"row\"  id=\"row-1373127784\">\n\n\n\t<div id=\"col-464978059\" class=\"col medium-1 small-12 large-1\"  >\n\t\t\t\t<div class=\"col-inner\"  >\n\t\t\t\n\t\t\t\n\n\n\t\t<\/div>\n\t\t\t\t\t<\/div>\n\n\t\n\n\t<div id=\"col-1200504785\" class=\"col medium-5 small-12 large-5\"  >\n\t\t\t\t<div class=\"col-inner\"  >\n\t\t\t\n\t\t\t\n\n<h2 class=\"uppercase\">internetov\u00e1 str\u00e1nka,<\/h2>\n<p>mo\u017en\u00e1 ta prav\u00e1 cesta.<\/p>\n\n\t\t<\/div>\n\t\t\t\t\t<\/div>\n\n\t\n\n\t<div id=\"col-2153465\" class=\"col medium-6 small-12 large-6\"  >\n\t\t\t\t<div class=\"col-inner\"  >\n\t\t\t\n\t\t\t\n\n\t<div class=\"img has-hover x md-x lg-x y md-y lg-y\" id=\"image_1357157738\">\n\t\t\t\t\t\t\t\t<div class=\"img-inner dark\" >\n\t\t\t<img loading=\"lazy\" decoding=\"async\" width=\"1020\" height=\"679\" src=\"https:\/\/www.manareality.cz\/wp-content\/uploads\/2025\/06\/technology-791297_1280-1024x682.jpg\" class=\"attachment-large size-large\" alt=\"\" srcset=\"https:\/\/www.manareality.cz\/wp-content\/uploads\/2025\/06\/technology-791297_1280-1024x682.jpg 1024w, https:\/\/www.manareality.cz\/wp-content\/uploads\/2025\/06\/technology-791297_1280-300x200.jpg 300w, https:\/\/www.manareality.cz\/wp-content\/uploads\/2025\/06\/technology-791297_1280-768x512.jpg 768w, https:\/\/www.manareality.cz\/wp-content\/uploads\/2025\/06\/technology-791297_1280.jpg 1280w\" sizes=\"auto, (max-width: 1020px) 100vw, 1020px\" \/>\t\t\t\t\t\t\n\t\t\t\t\t<\/div>\n\t\t\t\t\t\t\t\t\n<style>\n#image_1357157738 {\n  width: 100%;\n}\n<\/style>\n\t<\/div>\n\t\n\n\n\t\t<\/div>\n\t\t\t\t\t<\/div>\n\n\t\n\n<\/div>\n<div class=\"row\"  id=\"row-1089172165\">\n\n\n\t<div id=\"col-295700747\" class=\"col medium-1 small-12 large-1\"  >\n\t\t\t\t<div class=\"col-inner\"  >\n\t\t\t\n\t\t\t\n\n\n\t\t<\/div>\n\t\t\t\t\t<\/div>\n\n\t\n\n\t<div id=\"col-160663256\" class=\"col medium-10 small-12 large-10\"  >\n\t\t\t\t<div class=\"col-inner\"  >\n\t\t\t\n\t\t\t\n\n<h3 data-start=\"192\" data-end=\"246\">Vlastn\u00ed web nemovitosti: Investice, kter\u00e1 vyd\u011bl\u00e1v\u00e1<\/h3>\n<p data-start=\"248\" data-end=\"587\">V dne\u0161n\u00ed dob\u011b, kdy se v\u011bt\u0161ina nemovitost\u00ed prod\u00e1v\u00e1 v milionech, rozhoduj\u00ed i detaily. A pr\u00e1v\u011b ty spr\u00e1vn\u011b zvl\u00e1dnut\u00e9 detaily mohou z\u00e1sadn\u011b nav\u00fd\u0161it kone\u010dnou cenu. Investice n\u011bkolika tis\u00edc korun do kvalitn\u00ed prezentace se tak m\u016f\u017ee velmi rychle vr\u00e1tit \u2013 a \u010dasto i n\u011bkolikan\u00e1sobn\u011b. Jedn\u00edm z nejefektivn\u011bj\u0161\u00edch n\u00e1stroj\u016f je samostatn\u00fd web nemovitosti.<\/p>\n<p data-start=\"589\" data-end=\"984\">V Mana Reality pro ka\u017edou v\u00fdznamn\u011bj\u0161\u00ed nemovitost vytv\u00e1\u0159\u00edm vlastn\u00ed webov\u00e9 str\u00e1nky \u2013 exkluzivn\u00ed a p\u0159ehledn\u00e9 m\u00edsto, kde z\u00e1jemci najdou v\u0161e d\u016fle\u017eit\u00e9 na jednom m\u00edst\u011b. Oproti b\u011b\u017en\u00fdm realitn\u00edm inzer\u00e1t\u016fm umo\u017e\u0148uje web prezentovat nemovitost do hloubky: v\u00edce fotografi\u00ed, videoprohl\u00eddka, 3D virtu\u00e1ln\u00ed prohl\u00eddka, p\u016fdorysy, energetick\u00fd \u0161t\u00edtek, dokumentace ke sta\u017een\u00ed\u2026 zkr\u00e1tka v\u0161e, co modern\u00ed z\u00e1jemce o\u010dek\u00e1v\u00e1.<\/p>\n<p data-start=\"986\" data-end=\"1144\">Samostatn\u00fd web nav\u00edc v\u00fdrazn\u011b zvy\u0161uje d\u016fv\u011bryhodnost nab\u00eddky a p\u016fsob\u00ed profesion\u00e1ln\u011b a pr\u00e9miov\u011b. P\u0159esn\u011b to, co podporuje z\u00e1jem i ochotu kupuj\u00edc\u00edho zaplatit v\u00edce.<\/p>\n<p data-start=\"1146\" data-end=\"1487\">D\u00edky vlastn\u00edmu webu mohu spustit c\u00edlen\u00e9 online kampan\u011b mimo b\u011b\u017en\u00e9 realitn\u00ed port\u00e1ly \u2013 nap\u0159\u00edklad na Google, Seznamu, Facebooku nebo Instagramu. T\u00edm se nab\u00eddka dostane i k lidem, kte\u0159\u00ed t\u0159eba je\u0161t\u011b aktivn\u011b nehledaj\u00ed, ale pr\u00e1v\u011b d\u00edky profesion\u00e1ln\u00edmu dojmu za\u010dnou p\u0159em\u00fd\u0161let. A o to jde \u2013 vzbudit pozornost, zanechat dojem, p\u0159it\u00e1hnout v\u00e1\u017en\u00e9 z\u00e1jemce.<\/p>\n<p data-start=\"1489\" data-end=\"1666\">Pokud m\u00e1 va\u0161e nemovitost hodnotu v milionech, investice do samostatn\u00e9ho webu je chytr\u00fd krok, kter\u00fd m\u016f\u017ee rozhodnout o tom, jestli vyd\u011bl\u00e1te o p\u00e1r tis\u00edc \u2013 nebo o stovky tis\u00edc v\u00edce.<\/p>\n\n\t\t<\/div>\n\t\t\t\t\t<\/div>\n\n\t\n\n\t<div id=\"col-1259796936\" class=\"col medium-1 small-12 large-1\"  >\n\t\t\t\t<div class=\"col-inner\"  >\n\t\t\t\n\t\t\t\n\n\n\t\t<\/div>\n\t\t\t\t\t<\/div>\n\n\t\n\n<\/div>\n\n\t\t<\/div>\n\n\t\t\n<style>\n#section_48908789 {\n  padding-top: 30px;\n  padding-bottom: 30px;\n}\n<\/style>\n\t<\/section>\n\t\n\n","protected":false},"excerpt":{"rendered":"","protected":false},"author":1,"featured_media":0,"parent":0,"menu_order":0,"comment_status":"closed","ping_status":"closed","template":"","meta":{"footnotes":""},"class_list":["post-60","page","type-page","status-publish","hentry"],"_links":{"self":[{"href":"https:\/\/www.manareality.cz\/index.php\/wp-json\/wp\/v2\/pages\/60","targetHints":{"allow":["GET"]}}],"collection":[{"href":"https:\/\/www.manareality.cz\/index.php\/wp-json\/wp\/v2\/pages"}],"about":[{"href":"https:\/\/www.manareality.cz\/index.php\/wp-json\/wp\/v2\/types\/page"}],"author":[{"embeddable":true,"href":"https:\/\/www.manareality.cz\/index.php\/wp-json\/wp\/v2\/users\/1"}],"replies":[{"embeddable":true,"href":"https:\/\/www.manareality.cz\/index.php\/wp-json\/wp\/v2\/comments?post=60"}],"version-history":[{"count":3,"href":"https:\/\/www.manareality.cz\/index.php\/wp-json\/wp\/v2\/pages\/60\/revisions"}],"predecessor-version":[{"id":64,"href":"https:\/\/www.manareality.cz\/index.php\/wp-json\/wp\/v2\/pages\/60\/revisions\/64"}],"wp:attachment":[{"href":"https:\/\/www.manareality.cz\/index.php\/wp-json\/wp\/v2\/media?parent=60"}],"curies":[{"name":"wp","href":"https:\/\/api.w.org\/{rel}","templated":true}]}}