{"id":54,"date":"2025-06-01T19:41:38","date_gmt":"2025-06-01T19:41:38","guid":{"rendered":"https:\/\/www.manareality.cz\/?page_id=54"},"modified":"2025-07-08T20:12:53","modified_gmt":"2025-07-08T20:12:53","slug":"videoprohlidka","status":"publish","type":"page","link":"https:\/\/www.manareality.cz\/index.php\/videoprohlidka\/","title":{"rendered":"videoprohl\u00eddka"},"content":{"rendered":"\n\n\t<section class=\"section\" id=\"section_1988992993\">\n\t\t<div class=\"section-bg fill\" >\n\t\t\t\t\t\t\t\t\t\n\t\t\t\n\n\t\t<\/div>\n\n\t\t\n\n\t\t<div class=\"section-content relative\">\n\t\t\t\n\n<div class=\"row\"  id=\"row-1472759447\">\n\n\n\t<div id=\"col-1796613249\" class=\"col medium-1 small-12 large-1\"  >\n\t\t\t\t<div class=\"col-inner\"  >\n\t\t\t\n\t\t\t\n\n\n\t\t<\/div>\n\t\t\t\t\t<\/div>\n\n\t\n\n\t<div id=\"col-784574528\" class=\"col medium-5 small-12 large-5\"  >\n\t\t\t\t<div class=\"col-inner\"  >\n\t\t\t\n\t\t\t\n\n<h2 class=\"uppercase\">videoprohl\u00eddka,<\/h2>\n<p>prav\u011bk nebo jin\u00fd pohled na v\u011bc?<\/p>\n\n\t\t<\/div>\n\t\t\t\t\t<\/div>\n\n\t\n\n\t<div id=\"col-986889062\" class=\"col medium-6 small-12 large-6\"  >\n\t\t\t\t<div class=\"col-inner\"  >\n\t\t\t\n\t\t\t\n\n\t<div class=\"img has-hover x md-x lg-x y md-y lg-y\" id=\"image_1114802784\">\n\t\t\t\t\t\t\t\t<div class=\"img-inner dark\" >\n\t\t\t<img loading=\"lazy\" decoding=\"async\" width=\"1020\" height=\"675\" src=\"https:\/\/www.manareality.cz\/wp-content\/uploads\/2025\/06\/online-5059830_1280-1024x678.jpg\" class=\"attachment-large size-large\" alt=\"\" srcset=\"https:\/\/www.manareality.cz\/wp-content\/uploads\/2025\/06\/online-5059830_1280-1024x678.jpg 1024w, https:\/\/www.manareality.cz\/wp-content\/uploads\/2025\/06\/online-5059830_1280-300x199.jpg 300w, https:\/\/www.manareality.cz\/wp-content\/uploads\/2025\/06\/online-5059830_1280-768x509.jpg 768w, https:\/\/www.manareality.cz\/wp-content\/uploads\/2025\/06\/online-5059830_1280.jpg 1280w\" sizes=\"auto, (max-width: 1020px) 100vw, 1020px\" \/>\t\t\t\t\t\t\n\t\t\t\t\t<\/div>\n\t\t\t\t\t\t\t\t\n<style>\n#image_1114802784 {\n  width: 100%;\n}\n<\/style>\n\t<\/div>\n\t\n\n\n\t\t<\/div>\n\t\t\t\t\t<\/div>\n\n\t\n\n<\/div>\n<div class=\"row\"  id=\"row-29224422\">\n\n\n\t<div id=\"col-231843788\" class=\"col medium-1 small-12 large-1\"  >\n\t\t\t\t<div class=\"col-inner\"  >\n\t\t\t\n\t\t\t\n\n\n\t\t<\/div>\n\t\t\t\t\t<\/div>\n\n\t\n\n\t<div id=\"col-1806020628\" class=\"col medium-10 small-12 large-10\"  >\n\t\t\t\t<div class=\"col-inner\"  >\n\t\t\t\n\t\t\t\n\n<h3 data-start=\"209\" data-end=\"252\">Videoprohl\u00eddka: p\u0159\u00edb\u011bh va\u0161\u00ed nemovitosti<\/h3>\n<p data-start=\"254\" data-end=\"579\">Zat\u00edmco fotografie ukazuj\u00ed detaily a virtu\u00e1ln\u00ed prohl\u00eddka prostor, videoprohl\u00eddka dok\u00e1\u017ee n\u011bco nav\u00edc \u2013 probouz\u00ed emoce. A pr\u00e1v\u011b ty rozhoduj\u00ed. D\u00edky promy\u0161len\u00e9mu st\u0159ihu, jemn\u00e9 hudb\u011b a koment\u00e1\u0159i, kter\u00fd zv\u00fdrazn\u00ed siln\u00e9 str\u00e1nky nemovitosti, se z prostoru st\u00e1v\u00e1 domov. Takov\u00fd, ve kter\u00e9m si z\u00e1jemce dok\u00e1\u017ee p\u0159edstavit sv\u016fj vlastn\u00ed \u017eivot.<\/p>\n<p data-start=\"581\" data-end=\"922\">Videoprohl\u00eddka vdechne nemovitosti osobitost a p\u0159id\u00e1 j\u00ed punc exkluzivity. Pom\u00e1h\u00e1 vytvo\u0159it atmosf\u00e9ru, kter\u00e1 zaujme a udr\u017e\u00ed pozornost. Kvalitn\u00ed video je p\u0159itom v\u00fdjime\u010dn\u00fdm marketingov\u00fdm n\u00e1strojem \u2013 na rozd\u00edl od statick\u00fdch sn\u00edmk\u016f zaujme i lidi, kte\u0159\u00ed zpo\u010d\u00e1tku v\u016fbec nehledali aktivn\u011b. O to \u010dast\u011bji se pr\u00e1v\u011b z t\u011bchto div\u00e1k\u016f st\u00e1vaj\u00ed v\u00e1\u017en\u00ed z\u00e1jemci.<\/p>\n<p data-start=\"924\" data-end=\"1150\">V Mana Reality spolupracuji s profesion\u00e1ln\u00edm t\u00fdmem, kter\u00fd vytv\u00e1\u0159\u00ed vizu\u00e1ln\u011b siln\u00e9 a technicky dokonal\u00e9 videoprezentace. A\u0165 u\u017e s koment\u00e1\u0159em, moderovan\u00fdm vstupem nebo hereck\u00fdm prvkem \u2013 ka\u017ed\u00e9 video vznik\u00e1 na m\u00edru dan\u00e9 nemovitosti.<\/p>\n<p data-start=\"1152\" data-end=\"1431\">Videoprohl\u00eddky n\u00e1sledn\u011b \u0161\u00ed\u0159\u00edm nejen na realitn\u00edch serverech, ale i nap\u0159\u00ed\u010d soci\u00e1ln\u00edmi s\u00edt\u011bmi a v r\u00e1mci c\u00edlen\u00fdch reklamn\u00edch kampan\u00ed \u2013 nap\u0159\u00edklad na YouTube, Facebooku, Googlu nebo Seznamu. D\u00edky tomu va\u0161i nemovitost uvid\u00ed \u0161ir\u0161\u00ed okruh lid\u00ed, kte\u0159\u00ed by jinak nab\u00eddku v\u016fbec nezaznamenali.<\/p>\n<p data-start=\"1433\" data-end=\"1589\">C\u00edlem je jedin\u00e9: uk\u00e1zat v\u00e1\u0161 byt, d\u016fm nebo pozemek v tom nejlep\u0161\u00edm sv\u011btle a zaujmout p\u0159esn\u011b ty, kte\u0159\u00ed hledaj\u00ed. A \u010dasto je\u0161t\u011b d\u0159\u00edv, ne\u017e za\u010dnou aktivn\u011b hledat.<\/p>\n\n\t\t<\/div>\n\t\t\t\t\t<\/div>\n\n\t\n\n\t<div id=\"col-2125032780\" class=\"col medium-1 small-12 large-1\"  >\n\t\t\t\t<div class=\"col-inner\"  >\n\t\t\t\n\t\t\t\n\n\n\t\t<\/div>\n\t\t\t\t\t<\/div>\n\n\t\n\n<\/div>\n\n\t\t<\/div>\n\n\t\t\n<style>\n#section_1988992993 {\n  padding-top: 30px;\n  padding-bottom: 30px;\n}\n<\/style>\n\t<\/section>\n\t\n\n","protected":false},"excerpt":{"rendered":"","protected":false},"author":1,"featured_media":0,"parent":0,"menu_order":0,"comment_status":"closed","ping_status":"closed","template":"","meta":{"footnotes":""},"class_list":["post-54","page","type-page","status-publish","hentry"],"_links":{"self":[{"href":"https:\/\/www.manareality.cz\/index.php\/wp-json\/wp\/v2\/pages\/54","targetHints":{"allow":["GET"]}}],"collection":[{"href":"https:\/\/www.manareality.cz\/index.php\/wp-json\/wp\/v2\/pages"}],"about":[{"href":"https:\/\/www.manareality.cz\/index.php\/wp-json\/wp\/v2\/types\/page"}],"author":[{"embeddable":true,"href":"https:\/\/www.manareality.cz\/index.php\/wp-json\/wp\/v2\/users\/1"}],"replies":[{"embeddable":true,"href":"https:\/\/www.manareality.cz\/index.php\/wp-json\/wp\/v2\/comments?post=54"}],"version-history":[{"count":3,"href":"https:\/\/www.manareality.cz\/index.php\/wp-json\/wp\/v2\/pages\/54\/revisions"}],"predecessor-version":[{"id":58,"href":"https:\/\/www.manareality.cz\/index.php\/wp-json\/wp\/v2\/pages\/54\/revisions\/58"}],"wp:attachment":[{"href":"https:\/\/www.manareality.cz\/index.php\/wp-json\/wp\/v2\/media?parent=54"}],"curies":[{"name":"wp","href":"https:\/\/api.w.org\/{rel}","templated":true}]}}