{"id":48,"date":"2025-06-01T19:38:45","date_gmt":"2025-06-01T19:38:45","guid":{"rendered":"https:\/\/www.manareality.cz\/?page_id=48"},"modified":"2025-07-08T20:12:53","modified_gmt":"2025-07-08T20:12:53","slug":"3d","status":"publish","type":"page","link":"https:\/\/www.manareality.cz\/index.php\/3d\/","title":{"rendered":"3D"},"content":{"rendered":"\n\n\t<section class=\"section\" id=\"section_108138459\">\n\t\t<div class=\"section-bg fill\" >\n\t\t\t\t\t\t\t\t\t\n\t\t\t\n\n\t\t<\/div>\n\n\t\t\n\n\t\t<div class=\"section-content relative\">\n\t\t\t\n\n<div class=\"row\"  id=\"row-1287084788\">\n\n\n\t<div id=\"col-1391330951\" class=\"col medium-1 small-12 large-1\"  >\n\t\t\t\t<div class=\"col-inner\"  >\n\t\t\t\n\t\t\t\n\n\n\t\t<\/div>\n\t\t\t\t\t<\/div>\n\n\t\n\n\t<div id=\"col-232045567\" class=\"col medium-5 small-12 large-5\"  >\n\t\t\t\t<div class=\"col-inner\"  >\n\t\t\t\n\t\t\t\n\n<h2 class=\"uppercase\">Virtu\u00e1ln\u00ed prohl\u00eddka,<\/h2>\n<p>cesta jak prodat je\u0161t\u011b p\u0159ed n\u00e1v\u0161t\u011bvou?<\/p>\n\n\t\t<\/div>\n\t\t\t\t\t<\/div>\n\n\t\n\n\t<div id=\"col-2132464332\" class=\"col medium-6 small-12 large-6\"  >\n\t\t\t\t<div class=\"col-inner\"  >\n\t\t\t\n\t\t\t\n\n\t<div class=\"img has-hover x md-x lg-x y md-y lg-y\" id=\"image_296388208\">\n\t\t\t\t\t\t\t\t<div class=\"img-inner dark\" >\n\t\t\t<img loading=\"lazy\" decoding=\"async\" width=\"1020\" height=\"679\" src=\"https:\/\/www.manareality.cz\/wp-content\/uploads\/2025\/06\/contact-ban-4956053_1280-1024x682.jpg\" class=\"attachment-large size-large\" alt=\"\" srcset=\"https:\/\/www.manareality.cz\/wp-content\/uploads\/2025\/06\/contact-ban-4956053_1280-1024x682.jpg 1024w, https:\/\/www.manareality.cz\/wp-content\/uploads\/2025\/06\/contact-ban-4956053_1280-300x200.jpg 300w, https:\/\/www.manareality.cz\/wp-content\/uploads\/2025\/06\/contact-ban-4956053_1280-768x512.jpg 768w, https:\/\/www.manareality.cz\/wp-content\/uploads\/2025\/06\/contact-ban-4956053_1280.jpg 1280w\" sizes=\"auto, (max-width: 1020px) 100vw, 1020px\" \/>\t\t\t\t\t\t\n\t\t\t\t\t<\/div>\n\t\t\t\t\t\t\t\t\n<style>\n#image_296388208 {\n  width: 100%;\n}\n<\/style>\n\t<\/div>\n\t\n\n\n\t\t<\/div>\n\t\t\t\t\t<\/div>\n\n\t\n\n<\/div>\n<div class=\"row\"  id=\"row-761732988\">\n\n\n\t<div id=\"col-839039875\" class=\"col medium-1 small-12 large-1\"  >\n\t\t\t\t<div class=\"col-inner\"  >\n\t\t\t\n\t\t\t\n\n\n\t\t<\/div>\n\t\t\t\t\t<\/div>\n\n\t\n\n\t<div id=\"col-1515095034\" class=\"col medium-10 small-12 large-10\"  >\n\t\t\t\t<div class=\"col-inner\"  >\n\t\t\t\n\t\t\t\n\n<h3 data-start=\"219\" data-end=\"254\">Virtu\u00e1ln\u00ed prohl\u00eddka nemovitosti<\/h3>\n<p data-start=\"256\" data-end=\"610\">Virtu\u00e1ln\u00ed 3D prohl\u00eddka je dnes jedn\u00edm z nejefektivn\u011bj\u0161\u00edch zp\u016fsob\u016f, jak p\u0159ibl\u00ed\u017eit nemovitost z\u00e1jemc\u016fm \u2013 a to i t\u011bm, kte\u0159\u00ed se nach\u00e1zej\u00ed stovky kilometr\u016f daleko. D\u00edky modern\u00ed technologii si mohou potenci\u00e1ln\u00ed kupci nebo n\u00e1jemn\u00edci prohl\u00e9dnout cel\u00fd prostor v klidu, odkudkoli \u2013 z po\u010d\u00edta\u010de, mobilu i tabletu \u2013 a doslova se j\u00edm \u201eproj\u00edt\u201c, jako by tam byli osobn\u011b.<\/p>\n<p data-start=\"612\" data-end=\"873\">Tento typ prezentace v\u00fdrazn\u011b zvy\u0161uje atraktivitu nemovitosti a d\u00e1v\u00e1 z\u00e1jemc\u016fm re\u00e1ln\u011bj\u0161\u00ed p\u0159edstavu o jej\u00edm dispozi\u010dn\u00edm \u0159e\u0161en\u00ed i atmosf\u00e9\u0159e. \u010casto se tak st\u00e1v\u00e1, \u017ee osobn\u00ed n\u00e1v\u0161t\u011bva u\u017e jen potvrzuje prvn\u00ed, pozitivn\u00ed dojem \u2013 a rozhodov\u00e1n\u00ed je mnohem rychlej\u0161\u00ed a snaz\u0161\u00ed.<\/p>\n<p data-start=\"875\" data-end=\"1167\">Virtu\u00e1ln\u00ed prohl\u00eddky pat\u0159\u00ed spolu s profesion\u00e1ln\u00edmi fotografiemi, videoprohl\u00eddkou a leteck\u00fdmi z\u00e1b\u011bry k pil\u00ed\u0159\u016fm prezentace, kterou u Mana Reality vyu\u017e\u00edv\u00e1me pro ka\u017edou nemovitost. Jejich c\u00edlem je jedin\u00e9: p\u0159it\u00e1hnout co nejv\u00edce v\u00e1\u017en\u00fdch z\u00e1jemc\u016f a podpo\u0159it efektivn\u00ed prodej za co nejlep\u0161\u00edch podm\u00ednek.<\/p>\n<p data-start=\"1169\" data-end=\"1378\">D\u00edky t\u011bmto modern\u00edm n\u00e1stroj\u016fm z\u00edsk\u00e1vaj\u00ed kupuj\u00edc\u00ed v\u011bt\u0161\u00ed jistotu, a z\u00e1rove\u0148 \u0161et\u0159\u00ed \u010das \u2013 sob\u011b i prod\u00e1vaj\u00edc\u00edmu. Virtu\u00e1ln\u00ed prohl\u00eddka tak nen\u00ed jen \u201en\u011bco nav\u00edc\u201c, ale kl\u00ed\u010dov\u00fd krok k rychlej\u0161\u00edmu a \u00fasp\u011b\u0161n\u011bj\u0161\u00edmu prodeji.<\/p>\n\n\t\t<\/div>\n\t\t\t\t\t<\/div>\n\n\t\n\n\t<div id=\"col-1110445500\" class=\"col medium-1 small-12 large-1\"  >\n\t\t\t\t<div class=\"col-inner\"  >\n\t\t\t\n\t\t\t\n\n\n\t\t<\/div>\n\t\t\t\t\t<\/div>\n\n\t\n\n<\/div>\n\n\t\t<\/div>\n\n\t\t\n<style>\n#section_108138459 {\n  padding-top: 30px;\n  padding-bottom: 30px;\n}\n<\/style>\n\t<\/section>\n\t\n\n","protected":false},"excerpt":{"rendered":"","protected":false},"author":1,"featured_media":0,"parent":0,"menu_order":0,"comment_status":"closed","ping_status":"closed","template":"","meta":{"footnotes":""},"class_list":["post-48","page","type-page","status-publish","hentry"],"_links":{"self":[{"href":"https:\/\/www.manareality.cz\/index.php\/wp-json\/wp\/v2\/pages\/48","targetHints":{"allow":["GET"]}}],"collection":[{"href":"https:\/\/www.manareality.cz\/index.php\/wp-json\/wp\/v2\/pages"}],"about":[{"href":"https:\/\/www.manareality.cz\/index.php\/wp-json\/wp\/v2\/types\/page"}],"author":[{"embeddable":true,"href":"https:\/\/www.manareality.cz\/index.php\/wp-json\/wp\/v2\/users\/1"}],"replies":[{"embeddable":true,"href":"https:\/\/www.manareality.cz\/index.php\/wp-json\/wp\/v2\/comments?post=48"}],"version-history":[{"count":3,"href":"https:\/\/www.manareality.cz\/index.php\/wp-json\/wp\/v2\/pages\/48\/revisions"}],"predecessor-version":[{"id":52,"href":"https:\/\/www.manareality.cz\/index.php\/wp-json\/wp\/v2\/pages\/48\/revisions\/52"}],"wp:attachment":[{"href":"https:\/\/www.manareality.cz\/index.php\/wp-json\/wp\/v2\/media?parent=48"}],"curies":[{"name":"wp","href":"https:\/\/api.w.org\/{rel}","templated":true}]}}