{"id":43,"date":"2025-06-01T19:34:10","date_gmt":"2025-06-01T19:34:10","guid":{"rendered":"https:\/\/www.manareality.cz\/?page_id=43"},"modified":"2025-07-08T20:12:53","modified_gmt":"2025-07-08T20:12:53","slug":"priprava","status":"publish","type":"page","link":"https:\/\/www.manareality.cz\/index.php\/priprava\/","title":{"rendered":"priprava"},"content":{"rendered":"\n\n\t<section class=\"section\" id=\"section_825111024\">\n\t\t<div class=\"section-bg fill\" >\n\t\t\t\t\t\t\t\t\t\n\t\t\t\n\n\t\t<\/div>\n\n\t\t\n\n\t\t<div class=\"section-content relative\">\n\t\t\t\n\n<div class=\"row\"  id=\"row-2123665616\">\n\n\n\t<div id=\"col-158072900\" class=\"col medium-1 small-12 large-1\"  >\n\t\t\t\t<div class=\"col-inner\"  >\n\t\t\t\n\t\t\t\n\n\n\t\t<\/div>\n\t\t\t\t\t<\/div>\n\n\t\n\n\t<div id=\"col-907061914\" class=\"col medium-5 small-12 large-5\"  >\n\t\t\t\t<div class=\"col-inner\"  >\n\t\t\t\n\t\t\t\n\n<h2 class=\"uppercase\">P\u0159\u00edprava prodeje<\/h2>\n<p>pro maximalizaci zisku<\/p>\n\n\t\t<\/div>\n\t\t\t\t\t<\/div>\n\n\t\n\n\t<div id=\"col-1764549469\" class=\"col medium-6 small-12 large-6\"  >\n\t\t\t\t<div class=\"col-inner\"  >\n\t\t\t\n\t\t\t\n\n\t<div class=\"img has-hover x md-x lg-x y md-y lg-y\" id=\"image_480533806\">\n\t\t\t\t\t\t\t\t<div class=\"img-inner dark\" >\n\t\t\t<img loading=\"lazy\" decoding=\"async\" width=\"1020\" height=\"679\" src=\"https:\/\/www.manareality.cz\/wp-content\/uploads\/2025\/06\/house-2609431_1280-1024x682.jpg\" class=\"attachment-large size-large\" alt=\"\" srcset=\"https:\/\/www.manareality.cz\/wp-content\/uploads\/2025\/06\/house-2609431_1280-1024x682.jpg 1024w, https:\/\/www.manareality.cz\/wp-content\/uploads\/2025\/06\/house-2609431_1280-300x200.jpg 300w, https:\/\/www.manareality.cz\/wp-content\/uploads\/2025\/06\/house-2609431_1280-768x512.jpg 768w, https:\/\/www.manareality.cz\/wp-content\/uploads\/2025\/06\/house-2609431_1280.jpg 1280w\" sizes=\"auto, (max-width: 1020px) 100vw, 1020px\" \/>\t\t\t\t\t\t\n\t\t\t\t\t<\/div>\n\t\t\t\t\t\t\t\t\n<style>\n#image_480533806 {\n  width: 100%;\n}\n<\/style>\n\t<\/div>\n\t\n\n\n\t\t<\/div>\n\t\t\t\t\t<\/div>\n\n\t\n\n<\/div>\n<div class=\"row\"  id=\"row-69545427\">\n\n\n\t<div id=\"col-1692611258\" class=\"col medium-1 small-12 large-1\"  >\n\t\t\t\t<div class=\"col-inner\"  >\n\t\t\t\n\t\t\t\n\n\n\t\t<\/div>\n\t\t\t\t\t<\/div>\n\n\t\n\n\t<div id=\"col-1737575339\" class=\"col medium-10 small-12 large-10\"  >\n\t\t\t\t<div class=\"col-inner\"  >\n\t\t\t\n\t\t\t\n\n<h3 data-start=\"243\" data-end=\"277\">P\u0159\u00edprava nemovitosti na prodej<\/h3>\n<p data-start=\"279\" data-end=\"570\">Kdy\u017e chceme, aby va\u0161e nemovitost zaujala co nejv\u00edce potenci\u00e1ln\u00edch kupc\u016f, mus\u00edme ji uk\u00e1zat v tom nejlep\u0161\u00edm sv\u011btle. P\u0159\u00edprava nemovitosti na prodej (zn\u00e1m\u00e1 tak\u00e9 jako home staging) je promy\u0161len\u00fd proces, d\u00edky kter\u00e9mu dok\u00e1\u017ee prostor zaujmout u\u017e na prvn\u00ed pohled. A pr\u00e1v\u011b prvn\u00ed dojem \u010dasto rozhoduje.<\/p>\n<p data-start=\"572\" data-end=\"988\">Cel\u00fd proces za\u010d\u00edn\u00e1 \u00faklidem, vyklizen\u00edm a p\u0159\u00edpadn\u00fdmi drobn\u00fdmi \u00fapravami \u2013 nap\u0159\u00edklad vymalov\u00e1n\u00edm nebo v\u00fdm\u011bnou detail\u016f, kter\u00e9 dok\u00e1\u017eou v\u00fdrazn\u011b zm\u011bnit atmosf\u00e9ru. N\u00e1sledn\u011b pracujeme s prostorem tak, aby p\u016fsobil vzdu\u0161n\u011b, \u010dist\u011b a p\u0159edev\u0161\u00edm \u00fatuln\u011b. \u010casto pom\u016f\u017ee u\u017e jen p\u0159id\u00e1n\u00ed n\u011bkolika dekorac\u00ed, stylov\u00e9ho osv\u011btlen\u00ed nebo jemn\u00e9ho textilu. V p\u0159\u00edpad\u011b pot\u0159eby dok\u00e1\u017eeme vybavit i zcela pr\u00e1zdn\u00fd interi\u00e9r n\u00e1bytkem na m\u00edru prezentaci.<\/p>\n<p data-start=\"990\" data-end=\"1251\">Takto p\u0159ipraven\u00fd byt \u010di d\u016fm l\u00e9pe vynikne p\u0159i focen\u00ed, nat\u00e1\u010den\u00ed videa nebo virtu\u00e1ln\u00ed prohl\u00eddce. Co je ale z\u00e1sadn\u00ed \u2013 lid\u00e9 si v n\u011bm mnohem sn\u00e1z p\u0159edstav\u00ed vlastn\u00ed \u017eivot. A pr\u00e1v\u011b to vytv\u00e1\u0159\u00ed siln\u00e9 emo\u010dn\u00ed propojen\u00ed, kter\u00e9 zvy\u0161uje \u0161anci na rychlej\u0161\u00ed a v\u00fdhodn\u011bj\u0161\u00ed prodej.<\/p>\n<p data-start=\"1253\" data-end=\"1491\">Odstran\u011bn\u00ed osobn\u00edch v\u011bc\u00ed, harmonick\u00e1 barevnost a p\u0159\u00edjemn\u00e1 atmosf\u00e9ra pom\u00e1haj\u00ed i t\u011bm nejn\u00e1ro\u010dn\u011bj\u0161\u00edm z\u00e1jemc\u016fm vn\u00edmat potenci\u00e1l prostoru. Statistiky jasn\u011b ukazuj\u00ed, \u017ee profesion\u00e1ln\u011b p\u0159ipraven\u00e9 nemovitosti se prod\u00e1vaj\u00ed rychleji a za vy\u0161\u0161\u00ed cenu.<\/p>\n<p data-start=\"1493\" data-end=\"1689\">V Mana Reality v\u011b\u0159\u00edme, \u017ee prezentace hraje kl\u00ed\u010dovou roli. A proto p\u0159\u00edprav\u011b ka\u017ed\u00e9 nemovitosti v\u011bnujeme maxim\u00e1ln\u00ed p\u00e9\u010di \u2013 bez ohledu na to, zda jde o mal\u00fd byt, rodinn\u00fd d\u016fm nebo investi\u010dn\u00ed nemovitost.<\/p>\n\n\t\t<\/div>\n\t\t\t\t\t<\/div>\n\n\t\n\n\t<div id=\"col-737023805\" class=\"col medium-1 small-12 large-1\"  >\n\t\t\t\t<div class=\"col-inner\"  >\n\t\t\t\n\t\t\t\n\n\n\t\t<\/div>\n\t\t\t\t\t<\/div>\n\n\t\n\n<\/div>\n\n\t\t<\/div>\n\n\t\t\n<style>\n#section_825111024 {\n  padding-top: 30px;\n  padding-bottom: 30px;\n}\n<\/style>\n\t<\/section>\n\t\n\n","protected":false},"excerpt":{"rendered":"","protected":false},"author":1,"featured_media":0,"parent":0,"menu_order":0,"comment_status":"closed","ping_status":"closed","template":"","meta":{"footnotes":""},"class_list":["post-43","page","type-page","status-publish","hentry"],"_links":{"self":[{"href":"https:\/\/www.manareality.cz\/index.php\/wp-json\/wp\/v2\/pages\/43","targetHints":{"allow":["GET"]}}],"collection":[{"href":"https:\/\/www.manareality.cz\/index.php\/wp-json\/wp\/v2\/pages"}],"about":[{"href":"https:\/\/www.manareality.cz\/index.php\/wp-json\/wp\/v2\/types\/page"}],"author":[{"embeddable":true,"href":"https:\/\/www.manareality.cz\/index.php\/wp-json\/wp\/v2\/users\/1"}],"replies":[{"embeddable":true,"href":"https:\/\/www.manareality.cz\/index.php\/wp-json\/wp\/v2\/comments?post=43"}],"version-history":[{"count":2,"href":"https:\/\/www.manareality.cz\/index.php\/wp-json\/wp\/v2\/pages\/43\/revisions"}],"predecessor-version":[{"id":46,"href":"https:\/\/www.manareality.cz\/index.php\/wp-json\/wp\/v2\/pages\/43\/revisions\/46"}],"wp:attachment":[{"href":"https:\/\/www.manareality.cz\/index.php\/wp-json\/wp\/v2\/media?parent=43"}],"curies":[{"name":"wp","href":"https:\/\/api.w.org\/{rel}","templated":true}]}}