{"id":35,"date":"2025-06-01T19:24:56","date_gmt":"2025-06-01T19:24:56","guid":{"rendered":"https:\/\/www.manareality.cz\/?page_id=35"},"modified":"2025-07-08T20:12:53","modified_gmt":"2025-07-08T20:12:53","slug":"odhad","status":"publish","type":"page","link":"https:\/\/www.manareality.cz\/index.php\/odhad\/","title":{"rendered":"odhad"},"content":{"rendered":"\n\n\t<section class=\"section\" id=\"section_1484655376\">\n\t\t<div class=\"section-bg fill\" >\n\t\t\t\t\t\t\t\t\t\n\t\t\t\n\n\t\t<\/div>\n\n\t\t\n\n\t\t<div class=\"section-content relative\">\n\t\t\t\n\n<div class=\"row\"  id=\"row-215126244\">\n\n\n\t<div id=\"col-887737547\" class=\"col medium-1 small-12 large-1\"  >\n\t\t\t\t<div class=\"col-inner\"  >\n\t\t\t\n\t\t\t\n\n\n\t\t<\/div>\n\t\t\t\t\t<\/div>\n\n\t\n\n\t<div id=\"col-1204646441\" class=\"col medium-5 small-12 large-5\"  >\n\t\t\t\t<div class=\"col-inner\"  >\n\t\t\t\n\t\t\t\n\n<h2 class=\"uppercase\">Odhad tr\u017en\u00ed ceny nemovitosti<\/h2>\n\n\t\t<\/div>\n\t\t\t\t\t<\/div>\n\n\t\n\n\t<div id=\"col-1656406460\" class=\"col medium-6 small-12 large-6\"  >\n\t\t\t\t<div class=\"col-inner\"  >\n\t\t\t\n\t\t\t\n\n\t<div class=\"img has-hover x md-x lg-x y md-y lg-y\" id=\"image_544749577\">\n\t\t\t\t\t\t\t\t<div class=\"img-inner dark\" >\n\t\t\t<img loading=\"lazy\" decoding=\"async\" width=\"1020\" height=\"679\" src=\"https:\/\/www.manareality.cz\/wp-content\/uploads\/2025\/06\/door-2096087_1280-1024x682.jpg\" class=\"attachment-large size-large\" alt=\"\" srcset=\"https:\/\/www.manareality.cz\/wp-content\/uploads\/2025\/06\/door-2096087_1280-1024x682.jpg 1024w, https:\/\/www.manareality.cz\/wp-content\/uploads\/2025\/06\/door-2096087_1280-300x200.jpg 300w, https:\/\/www.manareality.cz\/wp-content\/uploads\/2025\/06\/door-2096087_1280-768x512.jpg 768w, https:\/\/www.manareality.cz\/wp-content\/uploads\/2025\/06\/door-2096087_1280.jpg 1280w\" sizes=\"auto, (max-width: 1020px) 100vw, 1020px\" \/>\t\t\t\t\t\t\n\t\t\t\t\t<\/div>\n\t\t\t\t\t\t\t\t\n<style>\n#image_544749577 {\n  width: 100%;\n}\n<\/style>\n\t<\/div>\n\t\n\n\n\t\t<\/div>\n\t\t\t\t\t<\/div>\n\n\t\n\n<\/div>\n<div class=\"row\"  id=\"row-1779579212\">\n\n\n\t<div id=\"col-1047240569\" class=\"col medium-1 small-12 large-1\"  >\n\t\t\t\t<div class=\"col-inner\"  >\n\t\t\t\n\t\t\t\n\n\n\t\t<\/div>\n\t\t\t\t\t<\/div>\n\n\t\n\n\t<div id=\"col-791018247\" class=\"col medium-10 small-12 large-10\"  >\n\t\t\t\t<div class=\"col-inner\"  >\n\t\t\t\n\t\t\t\n\n<h3 data-start=\"221\" data-end=\"253\">Odhad tr\u017en\u00ed ceny nemovitosti<\/h3>\n<p data-start=\"255\" data-end=\"579\">Stanoven\u00ed spr\u00e1vn\u00e9 prodejn\u00ed ceny je z\u00e1sadn\u00edm krokem pro \u00fasp\u011b\u0161n\u00fd prodej. V praxi ale \u010dasto nar\u00e1\u017e\u00edme na situace, kdy majitel svou nemovitost hodnot\u00ed sp\u00ed\u0161e podle emoc\u00ed ne\u017e podle reality trhu \u2013 co\u017e je naprosto p\u0159irozen\u00e9. Jen\u017ee pr\u00e1v\u011b proto je d\u016fle\u017eit\u00e9 m\u00edt po boku n\u011bkoho, kdo se na v\u011bc pod\u00edv\u00e1 objektivn\u011b a s dostate\u010dn\u00fdm nadhledem.<\/p>\n<p data-start=\"581\" data-end=\"818\">Na z\u00e1klad\u011b osobn\u00ed prohl\u00eddky a znalosti lok\u00e1ln\u00edho trhu p\u0159iprav\u00edme kvalifikovan\u00fd odhad tr\u017en\u00ed ceny \u2013 nejen pro \u00fa\u010dely prodeje, ale i nap\u0159\u00edklad pro d\u011bdick\u00e1 \u0159\u00edzen\u00ed. Vych\u00e1z\u00edme p\u0159itom z aktu\u00e1ln\u00edch dat, cenov\u00fdch trend\u016f a re\u00e1ln\u00fdch prodej\u016f v okol\u00ed.<\/p>\n<p data-start=\"820\" data-end=\"1106\">Do \u00favahy bereme \u0159adu kl\u00ed\u010dov\u00fdch aspekt\u016f \u2013 od polohy, typu nemovitosti, stavu, velikosti, a\u017e po vybaven\u00ed, technick\u00e9 parametry nebo potenci\u00e1l vyu\u017eit\u00ed. Zku\u0161enosti n\u00e1m ukazuj\u00ed, \u017ee i drobnosti mohou hr\u00e1t velkou roli. Proto ke ka\u017ed\u00e9mu odhadu p\u0159istupujeme individu\u00e1ln\u011b a s maxim\u00e1ln\u00ed pe\u010dlivost\u00ed.<\/p>\n<p data-start=\"1108\" data-end=\"1343\">Pokud uva\u017eujete o stanoven\u00ed ceny sami, doporu\u010dujeme obez\u0159etnost. Internetov\u00e9 cenov\u00e9 mapy, porovn\u00e1v\u00e1n\u00ed se sousedy nebo s\u010d\u00edt\u00e1n\u00ed n\u00e1klad\u016f na rekonstrukce b\u00fdvaj\u00ed zav\u00e1d\u011bj\u00edc\u00ed. Ka\u017ed\u00e1 nemovitost je unik\u00e1t, a proto si zaslou\u017e\u00ed odborn\u00e9 posouzen\u00ed.<\/p>\n<p data-start=\"1345\" data-end=\"1505\">D\u00edky stovk\u00e1m zrealizovan\u00fdch prodej\u016f v\u00edme, jak ur\u010dit cenu tak, aby byla realistick\u00e1, konkurenceschopn\u00e1 a p\u0159itom zajistila majiteli ten nejlep\u0161\u00ed mo\u017en\u00fd v\u00fdsledek.<\/p>\n<p data-start=\"1507\" data-end=\"1635\">Rychle, p\u0159esn\u011b, profesion\u00e1ln\u011b \u2013 tak pracujeme u Mana Reality.<br data-start=\"1568\" data-end=\"1571\" \/>Nev\u00e1hejte se na n\u00e1s obr\u00e1tit. Prvn\u00ed konzultace je v\u017edy nez\u00e1vazn\u00e1.<\/p>\n\n\t\t<\/div>\n\t\t\t\t\t<\/div>\n\n\t\n\n\t<div id=\"col-1070578672\" class=\"col medium-1 small-12 large-1\"  >\n\t\t\t\t<div class=\"col-inner\"  >\n\t\t\t\n\t\t\t\n\n\n\t\t<\/div>\n\t\t\t\t\t<\/div>\n\n\t\n\n<\/div>\n\n\t\t<\/div>\n\n\t\t\n<style>\n#section_1484655376 {\n  padding-top: 30px;\n  padding-bottom: 30px;\n}\n<\/style>\n\t<\/section>\n\t\n\n","protected":false},"excerpt":{"rendered":"","protected":false},"author":1,"featured_media":0,"parent":0,"menu_order":0,"comment_status":"closed","ping_status":"closed","template":"","meta":{"footnotes":""},"class_list":["post-35","page","type-page","status-publish","hentry"],"_links":{"self":[{"href":"https:\/\/www.manareality.cz\/index.php\/wp-json\/wp\/v2\/pages\/35","targetHints":{"allow":["GET"]}}],"collection":[{"href":"https:\/\/www.manareality.cz\/index.php\/wp-json\/wp\/v2\/pages"}],"about":[{"href":"https:\/\/www.manareality.cz\/index.php\/wp-json\/wp\/v2\/types\/page"}],"author":[{"embeddable":true,"href":"https:\/\/www.manareality.cz\/index.php\/wp-json\/wp\/v2\/users\/1"}],"replies":[{"embeddable":true,"href":"https:\/\/www.manareality.cz\/index.php\/wp-json\/wp\/v2\/comments?post=35"}],"version-history":[{"count":2,"href":"https:\/\/www.manareality.cz\/index.php\/wp-json\/wp\/v2\/pages\/35\/revisions"}],"predecessor-version":[{"id":39,"href":"https:\/\/www.manareality.cz\/index.php\/wp-json\/wp\/v2\/pages\/35\/revisions\/39"}],"wp:attachment":[{"href":"https:\/\/www.manareality.cz\/index.php\/wp-json\/wp\/v2\/media?parent=35"}],"curies":[{"name":"wp","href":"https:\/\/api.w.org\/{rel}","templated":true}]}}