{"id":305,"date":"2025-09-22T19:26:41","date_gmt":"2025-09-22T19:26:41","guid":{"rendered":"https:\/\/www.manareality.cz\/?page_id=305"},"modified":"2025-09-22T19:52:12","modified_gmt":"2025-09-22T19:52:12","slug":"kontakty","status":"publish","type":"page","link":"https:\/\/www.manareality.cz\/index.php\/kontakty\/","title":{"rendered":"kontakty"},"content":{"rendered":"\n<div class=\"row\"  id=\"row-252129210\">\n\n\n\t<div id=\"col-1685563889\" class=\"col medium-1 small-12 large-1\"  >\n\t\t\t\t<div class=\"col-inner\"  >\n\t\t\t\n\t\t\t\n\n\n\t\t<\/div>\n\t\t\t\t\t<\/div>\n\n\t\n\n\t<div id=\"col-338335582\" class=\"col medium-10 small-12 large-10\"  >\n\t\t\t\t<div class=\"col-inner\"  >\n\t\t\t\n\t\t\t\n\n\t<div class=\"img has-hover x md-x lg-x y md-y lg-y\" id=\"image_1615633937\">\n\t\t\t\t\t\t\t\t<div class=\"img-inner dark\" >\n\t\t\t<img loading=\"lazy\" decoding=\"async\" width=\"912\" height=\"680\" src=\"https:\/\/www.manareality.cz\/wp-content\/uploads\/2025\/09\/Vystrizek.jpg\" class=\"attachment-large size-large\" alt=\"\" srcset=\"https:\/\/www.manareality.cz\/wp-content\/uploads\/2025\/09\/Vystrizek.jpg 912w, https:\/\/www.manareality.cz\/wp-content\/uploads\/2025\/09\/Vystrizek-300x224.jpg 300w, https:\/\/www.manareality.cz\/wp-content\/uploads\/2025\/09\/Vystrizek-768x573.jpg 768w\" sizes=\"auto, (max-width: 912px) 100vw, 912px\" \/>\t\t\t\t\t\t\n\t\t\t\t\t<\/div>\n\t\t\t\t\t\t\t\t\n<style>\n#image_1615633937 {\n  width: 100%;\n}\n<\/style>\n\t<\/div>\n\t\n\n\n\t\t<\/div>\n\t\t\t\t\t<\/div>\n\n\t\n\n\t<div id=\"col-788601679\" class=\"col medium-1 small-12 large-1\"  >\n\t\t\t\t<div class=\"col-inner\"  >\n\t\t\t\n\t\t\t\n\n\n\t\t<\/div>\n\t\t\t\t\t<\/div>\n\n\t\n\n<\/div>\n<div class=\"row hide-for-medium\"  id=\"row-1285010450\">\n\n\n\t<div id=\"col-1094822904\" class=\"col medium-1 small-6 large-1\"  >\n\t\t\t\t<div class=\"col-inner\"  >\n\t\t\t\n\t\t\t\n\n\n\t\t<\/div>\n\t\t\t\t\t<\/div>\n\n\t\n\n\t<div id=\"col-780423978\" class=\"col medium-5 small-6 large-5\"  >\n\t\t\t\t<div class=\"col-inner\" style=\"background-color:rgb(124, 124, 124);\" >\n\t\t\t\n\t\t\t\n\n\t<div id=\"text-713375361\" class=\"text\">\n\t\t\n\n<h1 style=\"text-align: center;\"><span class=\"a_GcMg font-feature-liga-off font-feature-clig-off font-feature-calt-off text-decoration-none text-strikethrough-none\">Ing. Ivo Verner<br \/><br \/><\/span><\/h1>\n<p style=\"text-align: center;\"><span class=\"a_GcMg font-feature-liga-off font-feature-clig-off font-feature-calt-off text-decoration-none text-strikethrough-none\">realitn\u00ed makl\u00e9\u0159<br \/>i.verner@manareality.cz<br \/>+420 777 291 701<br \/><\/span><\/p>\n\t\t\n<style>\n#text-713375361 {\n  color: rgb(255,255,255);\n}\n#text-713375361 > * {\n  color: rgb(255,255,255);\n}\n<\/style>\n\t<\/div>\n\t\n\n\t\t<\/div>\n\t\t\t\t\t<\/div>\n\n\t\n\n\t<div id=\"col-155265059\" class=\"col medium-5 small-6 large-5\"  >\n\t\t\t\t<div class=\"col-inner text-center\" style=\"background-color:rgb(124, 124, 124);\" >\n\t\t\t\n\t\t\t\n\n\t<div id=\"text-392198399\" class=\"text\">\n\t\t\n\n<h1 style=\"text-align: center;\"><span class=\"a_GcMg font-feature-liga-off font-feature-clig-off font-feature-calt-off text-decoration-none text-strikethrough-none\">David Tolstych<br \/><br \/><\/span><\/h1>\n<p style=\"text-align: center;\"><span class=\"a_GcMg font-feature-liga-off font-feature-clig-off font-feature-calt-off text-decoration-none text-strikethrough-none\">odborn\u00fd asistent<br \/>d.tolstych@manareality.cz<br \/>+420 733 204 534<br \/><\/span><\/p>\n\t\t\n<style>\n#text-392198399 {\n  color: rgb(255,255,255);\n}\n#text-392198399 > * {\n  color: rgb(255,255,255);\n}\n<\/style>\n\t<\/div>\n\t\n\n\t\t<\/div>\n\t\t\t\t\t<\/div>\n\n\t\n\n\t<div id=\"col-1693104118\" class=\"col medium-1 small-6 large-1\"  >\n\t\t\t\t<div class=\"col-inner\"  >\n\t\t\t\n\t\t\t\n\n\n\t\t<\/div>\n\t\t\t\t\t<\/div>\n\n\t\n\n<\/div>\n<div class=\"row hide-for-medium\"  id=\"row-1736111733\">\n\n\n\t<div id=\"col-1653603702\" class=\"col medium-1 small-6 large-1\"  >\n\t\t\t\t<div class=\"col-inner\"  >\n\t\t\t\n\t\t\t\n\n\n\t\t<\/div>\n\t\t\t\t\t<\/div>\n\n\t\n\n\t<div id=\"col-1791764276\" class=\"col medium-5 small-6 large-5\"  >\n\t\t\t\t<div class=\"col-inner text-center\" style=\"background-color:rgb(255, 255, 255);\" >\n\t\t\t\n\t\t\t\n\n\t<div class=\"img has-hover x md-x lg-x y md-y lg-y\" id=\"image_1040369883\">\n\t\t\t\t\t\t\t\t<div class=\"img-inner dark\" >\n\t\t\t<img loading=\"lazy\" decoding=\"async\" width=\"304\" height=\"305\" src=\"https:\/\/www.manareality.cz\/wp-content\/uploads\/2025\/09\/ivoqr.jpg\" class=\"attachment-large size-large\" alt=\"\" srcset=\"https:\/\/www.manareality.cz\/wp-content\/uploads\/2025\/09\/ivoqr.jpg 304w, https:\/\/www.manareality.cz\/wp-content\/uploads\/2025\/09\/ivoqr-300x300.jpg 300w, https:\/\/www.manareality.cz\/wp-content\/uploads\/2025\/09\/ivoqr-150x150.jpg 150w\" sizes=\"auto, (max-width: 304px) 100vw, 304px\" \/>\t\t\t\t\t\t\n\t\t\t\t\t<\/div>\n\t\t\t\t\t\t\t\t\n<style>\n#image_1040369883 {\n  width: 47%;\n}\n<\/style>\n\t<\/div>\n\t\n\n\n\t\t<\/div>\n\t\t\t\t\t<\/div>\n\n\t\n\n\t<div id=\"col-139266957\" class=\"col medium-5 small-6 large-5\"  >\n\t\t\t\t<div class=\"col-inner text-center\" style=\"background-color:rgb(255, 255, 255);\" >\n\t\t\t\n\t\t\t\n\n\t<div class=\"img has-hover x md-x lg-x y md-y lg-y\" id=\"image_1773528630\">\n\t\t\t\t\t\t\t\t<div class=\"img-inner dark\" >\n\t\t\t<img loading=\"lazy\" decoding=\"async\" width=\"303\" height=\"305\" src=\"https:\/\/www.manareality.cz\/wp-content\/uploads\/2025\/09\/davidqr.jpg\" class=\"attachment-large size-large\" alt=\"\" srcset=\"https:\/\/www.manareality.cz\/wp-content\/uploads\/2025\/09\/davidqr.jpg 303w, https:\/\/www.manareality.cz\/wp-content\/uploads\/2025\/09\/davidqr-298x300.jpg 298w, https:\/\/www.manareality.cz\/wp-content\/uploads\/2025\/09\/davidqr-150x150.jpg 150w\" sizes=\"auto, (max-width: 303px) 100vw, 303px\" \/>\t\t\t\t\t\t\n\t\t\t\t\t<\/div>\n\t\t\t\t\t\t\t\t\n<style>\n#image_1773528630 {\n  width: 47%;\n}\n<\/style>\n\t<\/div>\n\t\n\n\n\t\t<\/div>\n\t\t\t\t\t<\/div>\n\n\t\n\n\t<div id=\"col-39104313\" class=\"col medium-1 small-6 large-1\"  >\n\t\t\t\t<div class=\"col-inner\"  >\n\t\t\t\n\t\t\t\n\n\n\t\t<\/div>\n\t\t\t\t\t<\/div>\n\n\t\n\n<\/div>\n<div class=\"row show-for-medium\"  id=\"row-1780927448\">\n\n\n\t<div id=\"col-1062506477\" class=\"col medium-5 small-12 large-5\"  >\n\t\t\t\t<div class=\"col-inner\" style=\"background-color:rgb(124, 124, 124);\" >\n\t\t\t\n\t\t\t\n\n\t<div id=\"text-2854898165\" class=\"text\">\n\t\t\n\n<h1 style=\"text-align: center;\"><span class=\"a_GcMg font-feature-liga-off font-feature-clig-off font-feature-calt-off text-decoration-none text-strikethrough-none\">Ing. Ivo Verner<br \/><br \/><\/span><\/h1>\n<p style=\"text-align: center;\"><span class=\"a_GcMg font-feature-liga-off font-feature-clig-off font-feature-calt-off text-decoration-none text-strikethrough-none\">realitn\u00ed makl\u00e9\u0159<br \/>i.verner@manareality.cz<br \/>+420 777 291 701<br \/><\/span><\/p>\n\t\t\n<style>\n#text-2854898165 {\n  color: rgb(255,255,255);\n}\n#text-2854898165 > * {\n  color: rgb(255,255,255);\n}\n<\/style>\n\t<\/div>\n\t\n\n\t\t<\/div>\n\t\t\t\t\t<\/div>\n\n\t\n\n<\/div>\n<div class=\"row show-for-medium\"  id=\"row-952601988\">\n\n\n\t<div id=\"col-1174198512\" class=\"col medium-6 small-12 large-6\"  >\n\t\t\t\t<div class=\"col-inner text-center\" style=\"background-color:rgb(124, 124, 124);\" >\n\t\t\t\n\t\t\t\n\n\t<div id=\"text-547723886\" class=\"text\">\n\t\t\n\n<h1 style=\"text-align: center;\"><span class=\"a_GcMg font-feature-liga-off font-feature-clig-off font-feature-calt-off text-decoration-none text-strikethrough-none\">David Tolstych<br \/><br \/><\/span><\/h1>\n<p style=\"text-align: center;\"><span class=\"a_GcMg font-feature-liga-off font-feature-clig-off font-feature-calt-off text-decoration-none text-strikethrough-none\">odborn\u00fd asistent<br \/>d.tolstych@manareality.cz<br \/>+420 733 204 534<br \/><\/span><\/p>\n\t\t\n<style>\n#text-547723886 {\n  color: rgb(255,255,255);\n}\n#text-547723886 > * {\n  color: rgb(255,255,255);\n}\n<\/style>\n\t<\/div>\n\t\n\n\t\t<\/div>\n\t\t\t\t\t<\/div>\n\n\t\n\n<\/div>\n\n","protected":false},"excerpt":{"rendered":"","protected":false},"author":1,"featured_media":0,"parent":0,"menu_order":0,"comment_status":"closed","ping_status":"closed","template":"","meta":{"footnotes":""},"class_list":["post-305","page","type-page","status-publish","hentry"],"_links":{"self":[{"href":"https:\/\/www.manareality.cz\/index.php\/wp-json\/wp\/v2\/pages\/305","targetHints":{"allow":["GET"]}}],"collection":[{"href":"https:\/\/www.manareality.cz\/index.php\/wp-json\/wp\/v2\/pages"}],"about":[{"href":"https:\/\/www.manareality.cz\/index.php\/wp-json\/wp\/v2\/types\/page"}],"author":[{"embeddable":true,"href":"https:\/\/www.manareality.cz\/index.php\/wp-json\/wp\/v2\/users\/1"}],"replies":[{"embeddable":true,"href":"https:\/\/www.manareality.cz\/index.php\/wp-json\/wp\/v2\/comments?post=305"}],"version-history":[{"count":5,"href":"https:\/\/www.manareality.cz\/index.php\/wp-json\/wp\/v2\/pages\/305\/revisions"}],"predecessor-version":[{"id":316,"href":"https:\/\/www.manareality.cz\/index.php\/wp-json\/wp\/v2\/pages\/305\/revisions\/316"}],"wp:attachment":[{"href":"https:\/\/www.manareality.cz\/index.php\/wp-json\/wp\/v2\/media?parent=305"}],"curies":[{"name":"wp","href":"https:\/\/api.w.org\/{rel}","templated":true}]}}