{"id":30,"date":"2025-06-01T19:21:17","date_gmt":"2025-06-01T19:21:17","guid":{"rendered":"https:\/\/www.manareality.cz\/?page_id=30"},"modified":"2025-07-08T20:12:53","modified_gmt":"2025-07-08T20:12:53","slug":"prodej-nemovitosti","status":"publish","type":"page","link":"https:\/\/www.manareality.cz\/index.php\/prodej-nemovitosti\/","title":{"rendered":"prodej nemovitosti"},"content":{"rendered":"\n\n\t<section class=\"section\" id=\"section_1068813968\">\n\t\t<div class=\"section-bg fill\" >\n\t\t\t\t\t\t\t\t\t\n\t\t\t\n\n\t\t<\/div>\n\n\t\t\n\n\t\t<div class=\"section-content relative\">\n\t\t\t\n\n<div class=\"row\"  id=\"row-977552473\">\n\n\n\t<div id=\"col-1065575219\" class=\"col medium-1 small-12 large-1\"  >\n\t\t\t\t<div class=\"col-inner\"  >\n\t\t\t\n\t\t\t\n\n\n\t\t<\/div>\n\t\t\t\t\t<\/div>\n\n\t\n\n\t<div id=\"col-1257693696\" class=\"col medium-5 small-12 large-5\"  >\n\t\t\t\t<div class=\"col-inner\"  >\n\t\t\t\n\t\t\t\n\n<h2 class=\"uppercase\">Prodej Nemovitosti<\/h2>\n\n\t\t<\/div>\n\t\t\t\t\t<\/div>\n\n\t\n\n\t<div id=\"col-357489609\" class=\"col medium-6 small-12 large-6\"  >\n\t\t\t\t<div class=\"col-inner\"  >\n\t\t\t\n\t\t\t\n\n\t<div class=\"img has-hover x md-x lg-x y md-y lg-y\" id=\"image_1612787109\">\n\t\t\t\t\t\t\t\t<div class=\"img-inner dark\" >\n\t\t\t<img loading=\"lazy\" decoding=\"async\" width=\"1020\" height=\"707\" src=\"https:\/\/www.manareality.cz\/wp-content\/uploads\/2025\/06\/sky-3323356_1280-1024x710.jpg\" class=\"attachment-large size-large\" alt=\"\" srcset=\"https:\/\/www.manareality.cz\/wp-content\/uploads\/2025\/06\/sky-3323356_1280-1024x710.jpg 1024w, https:\/\/www.manareality.cz\/wp-content\/uploads\/2025\/06\/sky-3323356_1280-300x208.jpg 300w, https:\/\/www.manareality.cz\/wp-content\/uploads\/2025\/06\/sky-3323356_1280-768x533.jpg 768w, https:\/\/www.manareality.cz\/wp-content\/uploads\/2025\/06\/sky-3323356_1280.jpg 1280w\" sizes=\"auto, (max-width: 1020px) 100vw, 1020px\" \/>\t\t\t\t\t\t\n\t\t\t\t\t<\/div>\n\t\t\t\t\t\t\t\t\n<style>\n#image_1612787109 {\n  width: 100%;\n}\n<\/style>\n\t<\/div>\n\t\n\n\n\t\t<\/div>\n\t\t\t\t\t<\/div>\n\n\t\n\n<\/div>\n<div class=\"row\"  id=\"row-714103076\">\n\n\n\t<div id=\"col-263659525\" class=\"col medium-1 small-12 large-1\"  >\n\t\t\t\t<div class=\"col-inner\"  >\n\t\t\t\n\t\t\t\n\n\n\t\t<\/div>\n\t\t\t\t\t<\/div>\n\n\t\n\n\t<div id=\"col-431561519\" class=\"col medium-10 small-12 large-10\"  >\n\t\t\t\t<div class=\"col-inner\"  >\n\t\t\t\n\t\t\t\n\n<h3 data-start=\"292\" data-end=\"334\">Jak s n\u00e1mi prob\u00edh\u00e1 prodej nemovitosti?<\/h3>\n<p data-start=\"336\" data-end=\"563\">V\u0161echno za\u010d\u00edn\u00e1 nez\u00e1vaznou sch\u016fzkou, kde se sezn\u00e1m\u00edme s va\u0161\u00ed nemovitost\u00ed i s va\u0161imi pl\u00e1ny. Zjist\u00edme ve\u0161ker\u00e9 podstatn\u00e9 informace, posoud\u00edme stav, lokalitu i aktu\u00e1ln\u00ed situaci na trhu a p\u0159iprav\u00edme kvalifikovan\u00fd odhad prodejn\u00ed ceny.<\/p>\n<p data-start=\"565\" data-end=\"865\">Pro zah\u00e1jen\u00ed spolupr\u00e1ce p\u0159ipravujeme zprost\u0159edkovatelskou smlouvu, kter\u00e1 chr\u00e1n\u00ed ob\u011b strany a zaji\u0161\u0165uje v\u00e1m komplexn\u00ed servis. O pr\u00e1vn\u00ed str\u00e1nku se star\u00e1 na\u0161e spolupracuj\u00edc\u00ed advok\u00e1tn\u00ed kancel\u00e1\u0159 <strong data-start=\"755\" data-end=\"788\">FMP advok\u00e1tn\u00ed kancel\u00e1\u0159 v.o.s.<\/strong>, tak\u017ee m\u00e1te jistotu, \u017ee cel\u00fd proces je v po\u0159\u00e1dku a podle platn\u00e9 legislativy.<\/p>\n<p data-start=\"867\" data-end=\"1210\">Nemovitost n\u00e1sledn\u011b pe\u010dliv\u011b p\u0159iprav\u00edme na prezentaci. Za\u0159izujeme profesion\u00e1ln\u00ed focen\u00ed, video i 3D virtu\u00e1ln\u00ed prohl\u00eddky. Pokud je to vhodn\u00e9, vyu\u017e\u00edv\u00e1me homestaging pro vytvo\u0159en\u00ed atraktivn\u00ed atmosf\u00e9ry. Tam, kde to d\u00e1v\u00e1 smysl, p\u0159id\u00e1v\u00e1me i leteck\u00e9 z\u00e1b\u011bry z dronu, kter\u00e9 p\u0159in\u00e1\u0161ej\u00ed nemovitosti p\u0159idanou hodnotu a pom\u00e1haj\u00ed zaujmout i n\u00e1ro\u010dn\u011bj\u0161\u00ed z\u00e1jemce.<\/p>\n<p data-start=\"1212\" data-end=\"1586\">Sou\u010dasn\u011b p\u0159iprav\u00edme atraktivn\u00ed inzerci s textem na m\u00edru. Jakmile m\u00e1me v\u0161e p\u0159ipraveno, zahajujeme propagaci nap\u0159\u00ed\u010d v\u0161emi d\u016fle\u017eit\u00fdmi realitn\u00edmi port\u00e1ly. Nez\u016fst\u00e1v\u00e1me ale jen u b\u011b\u017en\u00e9ho inzerov\u00e1n\u00ed \u2013 investujeme tak\u00e9 do <strong data-start=\"1426\" data-end=\"1447\">placen\u00fdch kampan\u00ed<\/strong> na soci\u00e1ln\u00edch s\u00edt\u00edch (<strong data-start=\"1470\" data-end=\"1502\">Facebook, Instagram, YouTube<\/strong>) i do v\u00fdkonnostn\u00edch reklam (PPC), kter\u00e9 c\u00edl\u00ed p\u0159esn\u011b na tu spr\u00e1vnou skupinu z\u00e1jemc\u016f.<\/p>\n<p data-start=\"1588\" data-end=\"1903\">Ve\u0161kerou komunikaci s potenci\u00e1ln\u00edmi kupci zaji\u0161\u0165ujeme za v\u00e1s. Organizujeme prohl\u00eddky, poskytujeme z\u00e1jemc\u016fm v\u0161echny d\u016fle\u017eit\u00e9 informace, aktivn\u011b vyjedn\u00e1v\u00e1me o podm\u00ednk\u00e1ch a z\u00e1rove\u0148 d\u016fsledn\u011b prov\u011b\u0159ujeme z\u00e1jemce v dostupn\u00fdch registrech. V p\u0159\u00edpad\u011b pot\u0159eby pom\u00e1h\u00e1me s vy\u0159\u00edzen\u00edm financov\u00e1n\u00ed, v\u010detn\u011b hypote\u010dn\u00edho poradenstv\u00ed.<\/p>\n<p data-start=\"1905\" data-end=\"2123\">Jakmile m\u00e1me vhodn\u00e9ho kupce, p\u0159ipravujeme rezerva\u010dn\u00ed smlouvu a koordinujeme cel\u00fd proces a\u017e po schv\u00e1len\u00ed hypot\u00e9ky. V\u0161e prob\u00edh\u00e1 v \u00fazk\u00e9 spolupr\u00e1ci s finan\u010dn\u00edm specialistou, aby byl postup co nejrychlej\u0161\u00ed a bez komplikac\u00ed.<\/p>\n<p data-start=\"2125\" data-end=\"2438\">N\u00e1sleduje podpis kupn\u00ed smlouvy, kter\u00fd prob\u00edh\u00e1 v advok\u00e1tn\u00ed kancel\u00e1\u0159i. Pr\u00e1vn\u00edk ov\u011b\u0159uje podpisy p\u0159\u00edmo na m\u00edst\u011b a zaji\u0161\u0165uje tak\u00e9 bezpe\u010dnou advok\u00e1tn\u00ed \u00faschovu kupn\u00ed ceny. Po podpisu za\u0159izujeme ve\u0161ker\u00e9 administrativn\u00ed \u00fakony \u2013 od pod\u00e1n\u00ed n\u00e1vrhu na vklad do katastru a\u017e po p\u0159evod \u010dlensk\u00fdch pr\u00e1v, pokud jde o dru\u017estevn\u00ed byt.<\/p>\n<p data-start=\"2440\" data-end=\"2632\">Na z\u00e1v\u011br doch\u00e1z\u00ed k samotn\u00e9mu p\u0159ed\u00e1n\u00ed nemovitosti nov\u00e9mu majiteli. V\u0161e dokumentujeme p\u0159ed\u00e1vac\u00edm protokolem a pom\u00e1h\u00e1me s p\u0159evodem energi\u00ed \u2013 ve spolupr\u00e1ci s partnery jako <strong data-start=\"2608\" data-end=\"2618\">INNOGY<\/strong> nebo <strong data-start=\"2624\" data-end=\"2631\">\u010cEZ<\/strong>.<\/p>\n<p data-start=\"2634\" data-end=\"2915\">U n\u00e1s prodej nekon\u010d\u00ed podpisem smlouvy \u2013 c\u00edlem je v\u017edy va\u0161e spokojenost. Ka\u017ed\u00e9mu klientovi se v\u011bnujeme naplno a individu\u00e1ln\u011b. Pokud chcete svou nemovitost prodat efektivn\u011b, bez starost\u00ed a s maxim\u00e1ln\u00edm v\u00fdsledkem, <strong data-start=\"2845\" data-end=\"2864\">jsme tu pro v\u00e1s<\/strong>. R\u00e1di v\u00e1s cel\u00fdm procesem provedeme krok za krokem.<\/p>\n\n\t\t<\/div>\n\t\t\t\t\t<\/div>\n\n\t\n\n\t<div id=\"col-455707626\" class=\"col medium-1 small-12 large-1\"  >\n\t\t\t\t<div class=\"col-inner\"  >\n\t\t\t\n\t\t\t\n\n\n\t\t<\/div>\n\t\t\t\t\t<\/div>\n\n\t\n\n<\/div>\n\n\t\t<\/div>\n\n\t\t\n<style>\n#section_1068813968 {\n  padding-top: 30px;\n  padding-bottom: 30px;\n}\n<\/style>\n\t<\/section>\n\t\n\n","protected":false},"excerpt":{"rendered":"","protected":false},"author":1,"featured_media":0,"parent":0,"menu_order":0,"comment_status":"closed","ping_status":"closed","template":"","meta":{"footnotes":""},"class_list":["post-30","page","type-page","status-publish","hentry"],"_links":{"self":[{"href":"https:\/\/www.manareality.cz\/index.php\/wp-json\/wp\/v2\/pages\/30","targetHints":{"allow":["GET"]}}],"collection":[{"href":"https:\/\/www.manareality.cz\/index.php\/wp-json\/wp\/v2\/pages"}],"about":[{"href":"https:\/\/www.manareality.cz\/index.php\/wp-json\/wp\/v2\/types\/page"}],"author":[{"embeddable":true,"href":"https:\/\/www.manareality.cz\/index.php\/wp-json\/wp\/v2\/users\/1"}],"replies":[{"embeddable":true,"href":"https:\/\/www.manareality.cz\/index.php\/wp-json\/wp\/v2\/comments?post=30"}],"version-history":[{"count":2,"href":"https:\/\/www.manareality.cz\/index.php\/wp-json\/wp\/v2\/pages\/30\/revisions"}],"predecessor-version":[{"id":33,"href":"https:\/\/www.manareality.cz\/index.php\/wp-json\/wp\/v2\/pages\/30\/revisions\/33"}],"wp:attachment":[{"href":"https:\/\/www.manareality.cz\/index.php\/wp-json\/wp\/v2\/media?parent=30"}],"curies":[{"name":"wp","href":"https:\/\/api.w.org\/{rel}","templated":true}]}}